{"id":2,"date":"2026-01-21T15:59:32","date_gmt":"2026-01-21T15:59:32","guid":{"rendered":"http:\/\/pmtmcny.cluster100.hosting.ovh.net\/?page_id=2"},"modified":"2026-03-05T21:06:47","modified_gmt":"2026-03-05T21:06:47","slug":"en-construction","status":"publish","type":"page","link":"https:\/\/rizoma13.fr\/","title":{"rendered":"Qui sommes-nous"},"content":{"rendered":"\n<p>L\u2019association \u0153uvre pour une <strong>sant\u00e9 globale, juste et inclusive<\/strong>, en s\u2019appuyant sur la d\u00e9finition de l\u2019OMS *.<br>Elle d\u00e9fend une approche qui reconna\u00eet les liens \u00e9troits entre <strong>sant\u00e9, conditions de vie, justice sociale et droits humains<\/strong>. Elle agit pour <strong>r\u00e9duire les in\u00e9galit\u00e9s<\/strong>, lutter contre toutes les formes de <strong>violences et de discriminations<\/strong>, am\u00e9liorer l\u2019<strong>acc\u00e8s aux soins<\/strong> et renforcer le <strong>pouvoir d\u2019agir des populations<\/strong>.<\/p>\n\n\n\n<p>Par la <strong>recherche pluridisciplinaire<\/strong>, la <strong>formation<\/strong>, l\u2019<strong>\u00e9ducation populaire<\/strong>, la <strong>pr\u00e9vention<\/strong> et la <strong>promotion de la sant\u00e9<\/strong>, l\u2019association favorise la circulation des savoirs, le <strong>partage d\u2019exp\u00e9riences<\/strong> et les <strong>\u00e9changes interculturels<\/strong>, en organisant ateliers, formations, rencontres et \u00e9v\u00e9nements culturels ouverts \u00e0 toutes et tous.<\/p>\n\n\n\n<hr class=\"wp-block-separator has-alpha-channel-opacity is-style-default\"\/>\n\n\n\n<p class=\"has-small-font-size\" style=\"margin-right:0;margin-left:0\">* \u00ab\u00a0La Sant\u00e9 est un \u00e9tat complet de bien-\u00eatre physique, mental et social et ne consiste pas seulement en une absence de maladie ou d\u2019infirmit\u00e9.\u00a0\u00bb <br>Extrait de la Constitution de l&rsquo;Organisation Mondiale de la Sant\u00e9 (OMS)<\/p>\n\n\n\n<iframe id=\"haWidgetButton\" allowtransparency=\"true\" src=\"https:\/\/www.helloasso.com\/associations\/rizoma\/collectes\/2026-soutien-aux-blesses-malades-eleves-et-collegiens-de-gaza-evacues-en-egypt\/widget-bouton\" style=\"width: 100%; height: 70px; border: none;\"><\/iframe>\n\n\n\n<p class=\"has-small-font-size\"><\/p>\n\n\n\n<p><\/p>\n","protected":false},"excerpt":{"rendered":"<p>L\u2019association \u0153uvre pour une sant\u00e9 globale, juste et inclusive, en s\u2019appuyant sur la d\u00e9finition de l\u2019OMS *.Elle d\u00e9fend une approche qui reconna\u00eet les liens \u00e9troits entre sant\u00e9, conditions de vie, justice sociale et droits humains. Elle agit pour r\u00e9duire les in\u00e9galit\u00e9s, lutter contre toutes les formes de violences et de discriminations, am\u00e9liorer l\u2019acc\u00e8s aux soins [&hellip;]<\/p>\n","protected":false},"author":1,"featured_media":0,"parent":0,"menu_order":0,"comment_status":"closed","ping_status":"closed","template":"","meta":{"footnotes":"[]"},"class_list":["post-2","page","type-page","status-publish","hentry"],"blocksy_meta":[],"yoast_head":"<!-- This site is optimized with the Yoast SEO plugin v27.1.1 - https:\/\/yoast.com\/product\/yoast-seo-wordpress\/ -->\n<title>Qui sommes-nous - Rizoma13.fr<\/title>\n<meta name=\"robots\" content=\"index, follow, max-snippet:-1, max-image-preview:large, max-video-preview:-1\" \/>\n<link rel=\"canonical\" href=\"https:\/\/rizoma13.fr\/\" \/>\n<meta property=\"og:locale\" content=\"fr_FR\" \/>\n<meta property=\"og:type\" content=\"article\" \/>\n<meta property=\"og:title\" content=\"Qui sommes-nous - Rizoma13.fr\" \/>\n<meta property=\"og:description\" content=\"L\u2019association \u0153uvre pour une sant\u00e9 globale, juste et inclusive, en s\u2019appuyant sur la d\u00e9finition de l\u2019OMS *.Elle d\u00e9fend une approche qui reconna\u00eet les liens \u00e9troits entre sant\u00e9, conditions de vie, justice sociale et droits humains. Elle agit pour r\u00e9duire les in\u00e9galit\u00e9s, lutter contre toutes les formes de violences et de discriminations, am\u00e9liorer l\u2019acc\u00e8s aux soins [&hellip;]\" \/>\n<meta property=\"og:url\" content=\"https:\/\/rizoma13.fr\/\" \/>\n<meta property=\"og:site_name\" content=\"Rizoma13.fr\" \/>\n<meta property=\"article:publisher\" content=\"https:\/\/www.facebook.com\/Rizoma13\/?rdid=lj3zd80Mg7QoA5vQ\" \/>\n<meta property=\"article:modified_time\" content=\"2026-03-05T21:06:47+00:00\" \/>\n<meta name=\"twitter:card\" content=\"summary_large_image\" \/>\n<meta name=\"twitter:label1\" content=\"Dur\u00e9e de lecture estim\u00e9e\" \/>\n\t<meta name=\"twitter:data1\" content=\"1 minute\" \/>\n<script type=\"application\/ld+json\" class=\"yoast-schema-graph\">{\"@context\":\"https:\/\/schema.org\",\"@graph\":[{\"@type\":\"WebPage\",\"@id\":\"https:\/\/rizoma13.fr\/\",\"url\":\"https:\/\/rizoma13.fr\/\",\"name\":\"Qui sommes-nous - Rizoma13.fr\",\"isPartOf\":{\"@id\":\"https:\/\/rizoma13.fr\/#website\"},\"datePublished\":\"2026-01-21T15:59:32+00:00\",\"dateModified\":\"2026-03-05T21:06:47+00:00\",\"breadcrumb\":{\"@id\":\"https:\/\/rizoma13.fr\/#breadcrumb\"},\"inLanguage\":\"fr-FR\",\"potentialAction\":[{\"@type\":\"ReadAction\",\"target\":[\"https:\/\/rizoma13.fr\/\"]}]},{\"@type\":\"BreadcrumbList\",\"@id\":\"https:\/\/rizoma13.fr\/#breadcrumb\",\"itemListElement\":[{\"@type\":\"ListItem\",\"position\":1,\"name\":\"Accueil\",\"item\":\"https:\/\/rizoma13.fr\/\"},{\"@type\":\"ListItem\",\"position\":2,\"name\":\"Qui sommes-nous\"}]},{\"@type\":\"WebSite\",\"@id\":\"https:\/\/rizoma13.fr\/#website\",\"url\":\"https:\/\/rizoma13.fr\/\",\"name\":\"Rizoma13.fr\",\"description\":\"Association \",\"publisher\":{\"@id\":\"https:\/\/rizoma13.fr\/#organization\"},\"potentialAction\":[{\"@type\":\"SearchAction\",\"target\":{\"@type\":\"EntryPoint\",\"urlTemplate\":\"https:\/\/rizoma13.fr\/?s={search_term_string}\"},\"query-input\":{\"@type\":\"PropertyValueSpecification\",\"valueRequired\":true,\"valueName\":\"search_term_string\"}}],\"inLanguage\":\"fr-FR\"},{\"@type\":\"Organization\",\"@id\":\"https:\/\/rizoma13.fr\/#organization\",\"name\":\"Association Rizoma\",\"url\":\"https:\/\/rizoma13.fr\/\",\"logo\":{\"@type\":\"ImageObject\",\"inLanguage\":\"fr-FR\",\"@id\":\"https:\/\/rizoma13.fr\/#\/schema\/logo\/image\/\",\"url\":\"https:\/\/rizoma13.fr\/wp-content\/uploads\/2026\/02\/rizoma-logo.png\",\"contentUrl\":\"https:\/\/rizoma13.fr\/wp-content\/uploads\/2026\/02\/rizoma-logo.png\",\"width\":620,\"height\":170,\"caption\":\"Association Rizoma\"},\"image\":{\"@id\":\"https:\/\/rizoma13.fr\/#\/schema\/logo\/image\/\"},\"sameAs\":[\"https:\/\/www.facebook.com\/Rizoma13\/?rdid=lj3zd80Mg7QoA5vQ\"]}]}<\/script>\n<!-- \/ Yoast SEO plugin. -->","yoast_head_json":{"title":"Qui sommes-nous - Rizoma13.fr","robots":{"index":"index","follow":"follow","max-snippet":"max-snippet:-1","max-image-preview":"max-image-preview:large","max-video-preview":"max-video-preview:-1"},"canonical":"https:\/\/rizoma13.fr\/","og_locale":"fr_FR","og_type":"article","og_title":"Qui sommes-nous - Rizoma13.fr","og_description":"L\u2019association \u0153uvre pour une sant\u00e9 globale, juste et inclusive, en s\u2019appuyant sur la d\u00e9finition de l\u2019OMS *.Elle d\u00e9fend une approche qui reconna\u00eet les liens \u00e9troits entre sant\u00e9, conditions de vie, justice sociale et droits humains. Elle agit pour r\u00e9duire les in\u00e9galit\u00e9s, lutter contre toutes les formes de violences et de discriminations, am\u00e9liorer l\u2019acc\u00e8s aux soins [&hellip;]","og_url":"https:\/\/rizoma13.fr\/","og_site_name":"Rizoma13.fr","article_publisher":"https:\/\/www.facebook.com\/Rizoma13\/?rdid=lj3zd80Mg7QoA5vQ","article_modified_time":"2026-03-05T21:06:47+00:00","twitter_card":"summary_large_image","twitter_misc":{"Dur\u00e9e de lecture estim\u00e9e":"1 minute"},"schema":{"@context":"https:\/\/schema.org","@graph":[{"@type":"WebPage","@id":"https:\/\/rizoma13.fr\/","url":"https:\/\/rizoma13.fr\/","name":"Qui sommes-nous - Rizoma13.fr","isPartOf":{"@id":"https:\/\/rizoma13.fr\/#website"},"datePublished":"2026-01-21T15:59:32+00:00","dateModified":"2026-03-05T21:06:47+00:00","breadcrumb":{"@id":"https:\/\/rizoma13.fr\/#breadcrumb"},"inLanguage":"fr-FR","potentialAction":[{"@type":"ReadAction","target":["https:\/\/rizoma13.fr\/"]}]},{"@type":"BreadcrumbList","@id":"https:\/\/rizoma13.fr\/#breadcrumb","itemListElement":[{"@type":"ListItem","position":1,"name":"Accueil","item":"https:\/\/rizoma13.fr\/"},{"@type":"ListItem","position":2,"name":"Qui sommes-nous"}]},{"@type":"WebSite","@id":"https:\/\/rizoma13.fr\/#website","url":"https:\/\/rizoma13.fr\/","name":"Rizoma13.fr","description":"Association ","publisher":{"@id":"https:\/\/rizoma13.fr\/#organization"},"potentialAction":[{"@type":"SearchAction","target":{"@type":"EntryPoint","urlTemplate":"https:\/\/rizoma13.fr\/?s={search_term_string}"},"query-input":{"@type":"PropertyValueSpecification","valueRequired":true,"valueName":"search_term_string"}}],"inLanguage":"fr-FR"},{"@type":"Organization","@id":"https:\/\/rizoma13.fr\/#organization","name":"Association Rizoma","url":"https:\/\/rizoma13.fr\/","logo":{"@type":"ImageObject","inLanguage":"fr-FR","@id":"https:\/\/rizoma13.fr\/#\/schema\/logo\/image\/","url":"https:\/\/rizoma13.fr\/wp-content\/uploads\/2026\/02\/rizoma-logo.png","contentUrl":"https:\/\/rizoma13.fr\/wp-content\/uploads\/2026\/02\/rizoma-logo.png","width":620,"height":170,"caption":"Association Rizoma"},"image":{"@id":"https:\/\/rizoma13.fr\/#\/schema\/logo\/image\/"},"sameAs":["https:\/\/www.facebook.com\/Rizoma13\/?rdid=lj3zd80Mg7QoA5vQ"]}]}},"_links":{"self":[{"href":"https:\/\/rizoma13.fr\/index.php\/wp-json\/wp\/v2\/pages\/2","targetHints":{"allow":["GET"]}}],"collection":[{"href":"https:\/\/rizoma13.fr\/index.php\/wp-json\/wp\/v2\/pages"}],"about":[{"href":"https:\/\/rizoma13.fr\/index.php\/wp-json\/wp\/v2\/types\/page"}],"author":[{"embeddable":true,"href":"https:\/\/rizoma13.fr\/index.php\/wp-json\/wp\/v2\/users\/1"}],"replies":[{"embeddable":true,"href":"https:\/\/rizoma13.fr\/index.php\/wp-json\/wp\/v2\/comments?post=2"}],"version-history":[{"count":21,"href":"https:\/\/rizoma13.fr\/index.php\/wp-json\/wp\/v2\/pages\/2\/revisions"}],"predecessor-version":[{"id":191,"href":"https:\/\/rizoma13.fr\/index.php\/wp-json\/wp\/v2\/pages\/2\/revisions\/191"}],"wp:attachment":[{"href":"https:\/\/rizoma13.fr\/index.php\/wp-json\/wp\/v2\/media?parent=2"}],"curies":[{"name":"wp","href":"https:\/\/api.w.org\/{rel}","templated":true}]}}